{"id":159,"date":"2023-10-14T23:26:18","date_gmt":"2023-10-14T23:26:18","guid":{"rendered":"https:\/\/wt-gp.de\/?page_id=159"},"modified":"2024-05-11T23:53:12","modified_gmt":"2024-05-11T23:53:12","slug":"kindertraining","status":"publish","type":"page","link":"https:\/\/wt-gp.de\/?page_id=159","title":{"rendered":"Kindertraining"},"content":{"rendered":"\n<div class=\"wp-block-group has-background\" style=\"background-color:#f1f1f1\"><div class=\"wp-block-group__inner-container is-layout-constrained wp-block-group-is-layout-constrained\">\n<p><strong>Entwicklung, Selbstbehauptung, Sicherheit<\/strong><\/p>\n\n\n\n<p>Beim Kindertraining, das <strong>ab der Einschulung<\/strong> (also ab ca. 6 Jahren) geeignet ist, geht es zun\u00e4chst darum, die Kinder positiv in ihrer k\u00f6rperlichen und psychischen <strong>Entwicklung zu unterst\u00fctzen<\/strong>. Der WingTsun-Unterricht kann das in mehrfacher Hinsicht leisten:<\/p>\n\n\n\n<figure class=\"wp-block-image size-full\"><img loading=\"lazy\" decoding=\"async\" width=\"600\" height=\"569\" src=\"https:\/\/wt-gp.de\/wp-content\/uploads\/2023\/10\/kids_web.jpg\" alt=\"\" class=\"wp-image-282\" srcset=\"https:\/\/wt-gp.de\/wp-content\/uploads\/2023\/10\/kids_web.jpg 600w, https:\/\/wt-gp.de\/wp-content\/uploads\/2023\/10\/kids_web-300x285.jpg 300w\" sizes=\"auto, (max-width: 600px) 100vw, 600px\" \/><\/figure>\n\n\n\n<ul class=\"wp-block-list\">\n<li>F\u00f6rderung von Konzentration, Reaktion und Koordination;<\/li>\n\n\n\n<li>Verbesserung des Gleichgewichtssinns;<\/li>\n\n\n\n<li>richtiges Fallen \u00fcben;<\/li>\n\n\n\n<li>Entwicklung eines gesunden Selbstbewusstseins;<\/li>\n\n\n\n<li>das Erlernen von Fairness und Umsicht im gegenseitigen Umgang.<\/li>\n<\/ul>\n\n\n\n<figure class=\"wp-block-image size-full\"><img loading=\"lazy\" decoding=\"async\" width=\"500\" height=\"932\" src=\"https:\/\/wt-gp.de\/wp-content\/uploads\/2023\/10\/MG_2672.jpg\" alt=\"\" class=\"wp-image-284\" srcset=\"https:\/\/wt-gp.de\/wp-content\/uploads\/2023\/10\/MG_2672.jpg 500w, https:\/\/wt-gp.de\/wp-content\/uploads\/2023\/10\/MG_2672-161x300.jpg 161w\" sizes=\"auto, (max-width: 500px) 100vw, 500px\" \/><figcaption class=\"wp-element-caption\">Balance und Koordination<\/figcaption><\/figure>\n\n\n\n<p>Aber freilich kommt der <strong>Selbstverteidigungs-Aspekt<\/strong> nicht zu kurz. Spielerisch werden vermittelt:<\/p>\n\n\n\n<ul class=\"wp-block-list\">\n<li>Selbstbehauptung, kein \u201ctypisches Opfer\u201d sein;<\/li>\n\n\n\n<li>Vermeidung von Gewalt;<\/li>\n\n\n\n<li>Reaktionen gegen\u00fcber \u00fcbergriffigen Erwachsenen;<\/li>\n\n\n\n<li>Verhalten in \u201cbrenzligen Situationen\u201d;<\/li>\n\n\n\n<li>effektive Techniken f\u00fcr den Notfall.<\/li>\n<\/ul>\n\n\n\n<p class=\"has-text-align-center has-background\" style=\"background-color:#ffdb00\"><strong><a href=\"https:\/\/wt-gp.de\/?page_id=22\" data-type=\"page\" data-id=\"22\">Probetraining vereinbaren<\/a><\/strong><\/p>\n\n\n\n<p><strong>Zeiten Kinder <\/strong>(ab 6 Jahre)<br>Mo.: 16:15 bis 17:15 Uhr<br>Mo.: 17:15 bis 18:15 Uhr (Zusammen mit Jugend-Gruppe)<br>Mi.: 16:45 bis 17:45 Uhr<\/p>\n\n\n\n<p><strong>Zeiten Jugendliche <\/strong>(ab 10 Jahre)<br>Mo.: 17:15 bis 18:15 Uhr (Zusammen mit Kinder-Gruppe)<br>Mi.: 18:00 bis 19:00 Uhr<\/p>\n<\/div><\/div>\n","protected":false},"excerpt":{"rendered":"<p>Entwicklung, Selbstbehauptung, Sicherheit Beim Kindertraining, das ab der Einschulung (also ab ca. 6 Jahren) geeignet ist, geht es zun\u00e4chst darum, die Kinder positiv in ihrer k\u00f6rperlichen und psychischen Entwicklung zu unterst\u00fctzen. Der WingTsun-Unterricht kann das in mehrfacher Hinsicht leisten: Aber freilich kommt der Selbstverteidigungs-Aspekt nicht zu kurz. Spielerisch werden vermittelt: Probetraining vereinbaren Zeiten Kinder (ab &hellip; <\/p>\n<p class=\"link-more\"><a href=\"https:\/\/wt-gp.de\/?page_id=159\" class=\"more-link\"><span class=\"screen-reader-text\">\u201eKindertraining\u201c<\/span> weiterlesen<\/a><\/p>\n","protected":false},"author":1,"featured_media":0,"parent":0,"menu_order":0,"comment_status":"closed","ping_status":"closed","template":"","meta":{"_uag_custom_page_level_css":"","footnotes":""},"class_list":["post-159","page","type-page","status-publish","hentry"],"uagb_featured_image_src":{"full":false,"thumbnail":false,"medium":false,"medium_large":false,"large":false,"1536x1536":false,"2048x2048":false,"twentyseventeen-featured-image":false,"twentyseventeen-thumbnail-avatar":false},"uagb_author_info":{"display_name":"admin","author_link":"https:\/\/wt-gp.de\/?author=1"},"uagb_comment_info":0,"uagb_excerpt":"Entwicklung, Selbstbehauptung, Sicherheit Beim Kindertraining, das ab der Einschulung (also ab ca. 6 Jahren) geeignet ist, geht es zun\u00e4chst darum, die Kinder positiv in ihrer k\u00f6rperlichen und psychischen Entwicklung zu unterst\u00fctzen. Der WingTsun-Unterricht kann das in mehrfacher Hinsicht leisten: Aber freilich kommt der Selbstverteidigungs-Aspekt nicht zu kurz. Spielerisch werden vermittelt: Probetraining vereinbaren Zeiten Kinder (ab&hellip;","_links":{"self":[{"href":"https:\/\/wt-gp.de\/index.php?rest_route=\/wp\/v2\/pages\/159","targetHints":{"allow":["GET"]}}],"collection":[{"href":"https:\/\/wt-gp.de\/index.php?rest_route=\/wp\/v2\/pages"}],"about":[{"href":"https:\/\/wt-gp.de\/index.php?rest_route=\/wp\/v2\/types\/page"}],"author":[{"embeddable":true,"href":"https:\/\/wt-gp.de\/index.php?rest_route=\/wp\/v2\/users\/1"}],"replies":[{"embeddable":true,"href":"https:\/\/wt-gp.de\/index.php?rest_route=%2Fwp%2Fv2%2Fcomments&post=159"}],"version-history":[{"count":57,"href":"https:\/\/wt-gp.de\/index.php?rest_route=\/wp\/v2\/pages\/159\/revisions"}],"predecessor-version":[{"id":1476,"href":"https:\/\/wt-gp.de\/index.php?rest_route=\/wp\/v2\/pages\/159\/revisions\/1476"}],"wp:attachment":[{"href":"https:\/\/wt-gp.de\/index.php?rest_route=%2Fwp%2Fv2%2Fmedia&parent=159"}],"curies":[{"name":"wp","href":"https:\/\/api.w.org\/{rel}","templated":true}]}}