{"id":164,"date":"2023-10-14T23:32:53","date_gmt":"2023-10-14T23:32:53","guid":{"rendered":"https:\/\/wt-gp.de\/?page_id=164"},"modified":"2025-01-08T12:48:08","modified_gmt":"2025-01-08T12:48:08","slug":"adressen","status":"publish","type":"page","link":"https:\/\/wt-gp.de\/?page_id=164","title":{"rendered":"Adresse"},"content":{"rendered":"\n<div class=\"wp-block-uagb-container uagb-block-c6e89b0f alignfull uagb-is-root-container\"><div class=\"uagb-container-inner-blocks-wrap\">\n<p>WingTsun-Schule G\u00f6ppingen<br>Poststr. 34, 1. OG<br>73033 G\u00f6ppingen<\/p>\n\n\n\n<p style=\"font-size:14px\">Du kannst uns leicht finden beim <strong>Kino Staufen-Movieplex<\/strong>: Unsere Schule ist direkt \u00fcber der Durchfahrt in den Hof zwischen <em>Leder Fuchs<\/em> und <em>Uhren-Schmuck Friedrich Abel<\/em>; Treppe au\u00dfen am Geb\u00e4ude hoch.<br><br>Wir sind ca. 500m vom Hauptbahnhof entfernt. Es gibt zahlreiche Parkm\u00f6glichkeiten in der Umgebung. <mark style=\"background-color:rgba(0, 0, 0, 0)\" class=\"has-inline-color has-vivid-red-color\">Bitte habe Verst\u00e4ndnis, dass direkt im Hof <strong>nicht <\/strong>geparkt werden kann.<\/mark><\/p>\n\n\n\n<p><a href=\"http:\/\/web2.cylex.de\/anfahrt\/wingtsun-schule-goeppingen-4964451-anfahrt.html\">Route<\/a>, <a href=\"https:\/\/wt-gp.de\/?page_id=22\" data-type=\"page\" data-id=\"22\">Kontakt<\/a><\/p>\n<\/div><\/div>\n","protected":false},"excerpt":{"rendered":"<p>WingTsun-Schule G\u00f6ppingenPoststr. 34, 1. OG73033 G\u00f6ppingen Du kannst uns leicht finden beim Kino Staufen-Movieplex: Unsere Schule ist direkt \u00fcber der Durchfahrt in den Hof zwischen Leder Fuchs und Uhren-Schmuck Friedrich Abel; Treppe au\u00dfen am Geb\u00e4ude hoch. Wir sind ca. 500m vom Hauptbahnhof entfernt. Es gibt zahlreiche Parkm\u00f6glichkeiten in der Umgebung. Bitte habe Verst\u00e4ndnis, dass direkt &hellip; <\/p>\n<p class=\"link-more\"><a href=\"https:\/\/wt-gp.de\/?page_id=164\" class=\"more-link\"><span class=\"screen-reader-text\">\u201eAdresse\u201c<\/span> weiterlesen<\/a><\/p>\n","protected":false},"author":1,"featured_media":0,"parent":0,"menu_order":0,"comment_status":"closed","ping_status":"closed","template":"","meta":{"_uag_custom_page_level_css":"","footnotes":""},"class_list":["post-164","page","type-page","status-publish","hentry"],"uagb_featured_image_src":{"full":false,"thumbnail":false,"medium":false,"medium_large":false,"large":false,"1536x1536":false,"2048x2048":false,"twentyseventeen-featured-image":false,"twentyseventeen-thumbnail-avatar":false},"uagb_author_info":{"display_name":"admin","author_link":"https:\/\/wt-gp.de\/?author=1"},"uagb_comment_info":0,"uagb_excerpt":"WingTsun-Schule G\u00f6ppingenPoststr. 34, 1. OG73033 G\u00f6ppingen Du kannst uns leicht finden beim Kino Staufen-Movieplex: Unsere Schule ist direkt \u00fcber der Durchfahrt in den Hof zwischen Leder Fuchs und Uhren-Schmuck Friedrich Abel; Treppe au\u00dfen am Geb\u00e4ude hoch. Wir sind ca. 500m vom Hauptbahnhof entfernt. Es gibt zahlreiche Parkm\u00f6glichkeiten in der Umgebung. Bitte habe Verst\u00e4ndnis, dass direkt&hellip;","_links":{"self":[{"href":"https:\/\/wt-gp.de\/index.php?rest_route=\/wp\/v2\/pages\/164","targetHints":{"allow":["GET"]}}],"collection":[{"href":"https:\/\/wt-gp.de\/index.php?rest_route=\/wp\/v2\/pages"}],"about":[{"href":"https:\/\/wt-gp.de\/index.php?rest_route=\/wp\/v2\/types\/page"}],"author":[{"embeddable":true,"href":"https:\/\/wt-gp.de\/index.php?rest_route=\/wp\/v2\/users\/1"}],"replies":[{"embeddable":true,"href":"https:\/\/wt-gp.de\/index.php?rest_route=%2Fwp%2Fv2%2Fcomments&post=164"}],"version-history":[{"count":59,"href":"https:\/\/wt-gp.de\/index.php?rest_route=\/wp\/v2\/pages\/164\/revisions"}],"predecessor-version":[{"id":1825,"href":"https:\/\/wt-gp.de\/index.php?rest_route=\/wp\/v2\/pages\/164\/revisions\/1825"}],"wp:attachment":[{"href":"https:\/\/wt-gp.de\/index.php?rest_route=%2Fwp%2Fv2%2Fmedia&parent=164"}],"curies":[{"name":"wp","href":"https:\/\/api.w.org\/{rel}","templated":true}]}}