{"id":20,"date":"2023-10-14T19:53:06","date_gmt":"2023-10-14T19:53:06","guid":{"rendered":"https:\/\/wt-gp.de\/?page_id=20"},"modified":"2026-02-12T15:02:25","modified_gmt":"2026-02-12T15:02:25","slug":"startseite","status":"publish","type":"page","link":"https:\/\/wt-gp.de\/","title":{"rendered":"Startseite"},"content":{"rendered":"\n<div class=\"wp-block-uagb-container uagb-block-b33ee8e0 alignfull uagb-is-root-container\">\n<figure class=\"wp-block-image size-full is-resized\"><img loading=\"lazy\" decoding=\"async\" width=\"386\" height=\"101\" src=\"https:\/\/wt-gp.de\/wp-content\/uploads\/2023\/10\/WingTsun-Logo-gelbe-Linie-2.jpg\" alt=\"\" class=\"wp-image-326\" style=\"aspect-ratio:3.8217821782178216;width:199px;height:auto\" srcset=\"https:\/\/wt-gp.de\/wp-content\/uploads\/2023\/10\/WingTsun-Logo-gelbe-Linie-2.jpg 386w, https:\/\/wt-gp.de\/wp-content\/uploads\/2023\/10\/WingTsun-Logo-gelbe-Linie-2-300x78.jpg 300w\" sizes=\"auto, (max-width: 386px) 100vw, 386px\" \/><\/figure>\n\n\n\n<p style=\"line-height:1.2\"><img loading=\"lazy\" decoding=\"async\" width=\"16\" height=\"14\" class=\"wp-image-363\" style=\"width: 16px;\" src=\"https:\/\/wt-gp.de\/wp-content\/uploads\/2023\/10\/Rotes-Dreieck.gif\" alt=\"\"><img loading=\"lazy\" decoding=\"async\" width=\"12\" height=\"26\" class=\"wp-image-371\" style=\"width: 12px;\" src=\"https:\/\/wt-gp.de\/wp-content\/uploads\/2023\/10\/Graues-Reckteck-10px-x-2px.jpg\" alt=\"\">ist effektive Selbstverteidigung,<br><img loading=\"lazy\" decoding=\"async\" width=\"16\" height=\"14\" class=\"wp-image-363\" style=\"width: 16px;\" src=\"https:\/\/wt-gp.de\/wp-content\/uploads\/2023\/10\/Rotes-Dreieck.gif\" alt=\"\"><img loading=\"lazy\" decoding=\"async\" width=\"12\" height=\"26\" class=\"wp-image-371\" style=\"width: 12px;\" src=\"https:\/\/wt-gp.de\/wp-content\/uploads\/2023\/10\/Graues-Reckteck-10px-x-2px.jpg\" alt=\"\">in jedem Alter erlernbar ab 6 Jahren,<br><img loading=\"lazy\" decoding=\"async\" width=\"16\" height=\"14\" class=\"wp-image-363\" style=\"width: 16px;\" src=\"https:\/\/wt-gp.de\/wp-content\/uploads\/2023\/10\/Rotes-Dreieck.gif\" alt=\"\"><img loading=\"lazy\" decoding=\"async\" width=\"12\" height=\"26\" class=\"wp-image-371\" style=\"width: 12px;\" src=\"https:\/\/wt-gp.de\/wp-content\/uploads\/2023\/10\/Graues-Reckteck-10px-x-2px.jpg\" alt=\"\">verbessert Fitness und K\u00f6rpergef\u00fchl,<br><img loading=\"lazy\" decoding=\"async\" width=\"16\" height=\"14\" class=\"wp-image-363\" style=\"width: 16px;\" src=\"https:\/\/wt-gp.de\/wp-content\/uploads\/2023\/10\/Rotes-Dreieck.gif\" alt=\"\"><img loading=\"lazy\" decoding=\"async\" width=\"12\" height=\"26\" class=\"wp-image-371\" style=\"width: 12px;\" src=\"https:\/\/wt-gp.de\/wp-content\/uploads\/2023\/10\/Graues-Reckteck-10px-x-2px.jpg\" alt=\"\">gibt Sicherheit.<\/p>\n\n\n\n<p style=\"line-height:1.2\"><strong>Trainieren in angenehmer Atmosph\u00e4re<\/strong><\/p>\n\n\n\n<div class=\"wp-block-uagb-slider uagb-block-abe0c1c2 uagb-slider-container\"><div class=\"uagb-slides uagb-swiper\"><div class=\"swiper-wrapper\">\n<div class=\"wp-block-uagb-slider-child uagb-slider-child-wrap swiper-slide uagb-block-c2570d1d\"><div class=\"swiper-content\">\n<figure class=\"wp-block-image size-large\"><img loading=\"lazy\" decoding=\"async\" width=\"1024\" height=\"940\" src=\"https:\/\/wt-gp.de\/wp-content\/uploads\/2024\/05\/Slice1vonWebsite3-1024x940.jpg\" alt=\"\" class=\"wp-image-1575\" srcset=\"https:\/\/wt-gp.de\/wp-content\/uploads\/2024\/05\/Slice1vonWebsite3-1024x940.jpg 1024w, https:\/\/wt-gp.de\/wp-content\/uploads\/2024\/05\/Slice1vonWebsite3-300x275.jpg 300w, https:\/\/wt-gp.de\/wp-content\/uploads\/2024\/05\/Slice1vonWebsite3-768x705.jpg 768w, https:\/\/wt-gp.de\/wp-content\/uploads\/2024\/05\/Slice1vonWebsite3-1536x1410.jpg 1536w, https:\/\/wt-gp.de\/wp-content\/uploads\/2024\/05\/Slice1vonWebsite3-2048x1880.jpg 2048w\" sizes=\"auto, (max-width: 767px) 89vw, (max-width: 1000px) 54vw, (max-width: 1071px) 543px, 580px\" \/><\/figure>\n<\/div><\/div>\n\n\n\n<div class=\"wp-block-uagb-slider-child uagb-slider-child-wrap swiper-slide uagb-block-1271fc28\"><div class=\"swiper-content\">\n<figure class=\"wp-block-image size-large\"><img loading=\"lazy\" decoding=\"async\" width=\"1024\" height=\"919\" src=\"https:\/\/wt-gp.de\/wp-content\/uploads\/2024\/05\/IMG_5941freigestellt-1024x919.jpg\" alt=\"\" class=\"wp-image-1526\" srcset=\"https:\/\/wt-gp.de\/wp-content\/uploads\/2024\/05\/IMG_5941freigestellt-1024x919.jpg 1024w, https:\/\/wt-gp.de\/wp-content\/uploads\/2024\/05\/IMG_5941freigestellt-300x269.jpg 300w, https:\/\/wt-gp.de\/wp-content\/uploads\/2024\/05\/IMG_5941freigestellt-768x689.jpg 768w, https:\/\/wt-gp.de\/wp-content\/uploads\/2024\/05\/IMG_5941freigestellt.jpg 1462w\" sizes=\"auto, (max-width: 767px) 89vw, (max-width: 1000px) 54vw, (max-width: 1071px) 543px, 580px\" \/><\/figure>\n<\/div><\/div>\n\n\n\n<div class=\"wp-block-uagb-slider-child uagb-slider-child-wrap swiper-slide uagb-block-422275fc\"><div class=\"swiper-content\">\n<figure class=\"wp-block-image size-large\"><img loading=\"lazy\" decoding=\"async\" width=\"1024\" height=\"875\" src=\"https:\/\/wt-gp.de\/wp-content\/uploads\/2024\/05\/IMG_5813_copyfreigestellt-1024x875.jpg\" alt=\"\" class=\"wp-image-1567\" srcset=\"https:\/\/wt-gp.de\/wp-content\/uploads\/2024\/05\/IMG_5813_copyfreigestellt-1024x875.jpg 1024w, https:\/\/wt-gp.de\/wp-content\/uploads\/2024\/05\/IMG_5813_copyfreigestellt-300x256.jpg 300w, https:\/\/wt-gp.de\/wp-content\/uploads\/2024\/05\/IMG_5813_copyfreigestellt-768x656.jpg 768w, https:\/\/wt-gp.de\/wp-content\/uploads\/2024\/05\/IMG_5813_copyfreigestellt-1536x1312.jpg 1536w, https:\/\/wt-gp.de\/wp-content\/uploads\/2024\/05\/IMG_5813_copyfreigestellt-2048x1749.jpg 2048w\" sizes=\"auto, (max-width: 767px) 89vw, (max-width: 1000px) 54vw, (max-width: 1071px) 543px, 580px\" \/><\/figure>\n<\/div><\/div>\n\n\n\n<div class=\"wp-block-uagb-slider-child uagb-slider-child-wrap swiper-slide uagb-block-17493b9d\"><div class=\"swiper-content\">\n<figure class=\"wp-block-image size-large\"><img loading=\"lazy\" decoding=\"async\" width=\"921\" height=\"1024\" src=\"https:\/\/wt-gp.de\/wp-content\/uploads\/2024\/05\/IMG_5582_copyfreigestellt-921x1024.jpg\" alt=\"\" class=\"wp-image-1534\" srcset=\"https:\/\/wt-gp.de\/wp-content\/uploads\/2024\/05\/IMG_5582_copyfreigestellt-921x1024.jpg 921w, https:\/\/wt-gp.de\/wp-content\/uploads\/2024\/05\/IMG_5582_copyfreigestellt-270x300.jpg 270w, https:\/\/wt-gp.de\/wp-content\/uploads\/2024\/05\/IMG_5582_copyfreigestellt-768x854.jpg 768w, https:\/\/wt-gp.de\/wp-content\/uploads\/2024\/05\/IMG_5582_copyfreigestellt-1382x1536.jpg 1382w, https:\/\/wt-gp.de\/wp-content\/uploads\/2024\/05\/IMG_5582_copyfreigestellt-1842x2048.jpg 1842w\" sizes=\"auto, (max-width: 767px) 89vw, (max-width: 1000px) 54vw, (max-width: 1071px) 543px, 580px\" \/><\/figure>\n<\/div><\/div>\n\n\n\n<div class=\"wp-block-uagb-slider-child uagb-slider-child-wrap swiper-slide uagb-block-cfb78e8d\"><div class=\"swiper-content\">\n<figure class=\"wp-block-image size-large\"><img loading=\"lazy\" decoding=\"async\" width=\"1024\" height=\"977\" src=\"https:\/\/wt-gp.de\/wp-content\/uploads\/2024\/05\/IMG_5730freigestellt2-1024x977.jpg\" alt=\"\" class=\"wp-image-1539\" srcset=\"https:\/\/wt-gp.de\/wp-content\/uploads\/2024\/05\/IMG_5730freigestellt2-1024x977.jpg 1024w, https:\/\/wt-gp.de\/wp-content\/uploads\/2024\/05\/IMG_5730freigestellt2-300x286.jpg 300w, https:\/\/wt-gp.de\/wp-content\/uploads\/2024\/05\/IMG_5730freigestellt2-768x733.jpg 768w, https:\/\/wt-gp.de\/wp-content\/uploads\/2024\/05\/IMG_5730freigestellt2-1536x1466.jpg 1536w, https:\/\/wt-gp.de\/wp-content\/uploads\/2024\/05\/IMG_5730freigestellt2-2048x1955.jpg 2048w\" sizes=\"auto, (max-width: 767px) 89vw, (max-width: 1000px) 54vw, (max-width: 1071px) 543px, 580px\" \/><\/figure>\n<\/div><\/div>\n\n\n\n<div class=\"wp-block-uagb-slider-child uagb-slider-child-wrap swiper-slide uagb-block-b4097da5\"><div class=\"swiper-content\">\n<figure class=\"wp-block-image size-large\"><img loading=\"lazy\" decoding=\"async\" width=\"1024\" height=\"947\" src=\"https:\/\/wt-gp.de\/wp-content\/uploads\/2024\/05\/IMG_5761_copyfreigestellt-1024x947.jpg\" alt=\"\" class=\"wp-image-1542\" srcset=\"https:\/\/wt-gp.de\/wp-content\/uploads\/2024\/05\/IMG_5761_copyfreigestellt-1024x947.jpg 1024w, https:\/\/wt-gp.de\/wp-content\/uploads\/2024\/05\/IMG_5761_copyfreigestellt-300x277.jpg 300w, https:\/\/wt-gp.de\/wp-content\/uploads\/2024\/05\/IMG_5761_copyfreigestellt-768x710.jpg 768w, https:\/\/wt-gp.de\/wp-content\/uploads\/2024\/05\/IMG_5761_copyfreigestellt-1536x1420.jpg 1536w, https:\/\/wt-gp.de\/wp-content\/uploads\/2024\/05\/IMG_5761_copyfreigestellt-2048x1893.jpg 2048w\" sizes=\"auto, (max-width: 767px) 89vw, (max-width: 1000px) 54vw, (max-width: 1071px) 543px, 580px\" \/><\/figure>\n<\/div><\/div>\n\n\n\n<div class=\"wp-block-uagb-slider-child uagb-slider-child-wrap swiper-slide uagb-block-3c5d4f45\"><div class=\"swiper-content\">\n<figure class=\"wp-block-image size-large\"><img loading=\"lazy\" decoding=\"async\" width=\"986\" height=\"1024\" src=\"https:\/\/wt-gp.de\/wp-content\/uploads\/2024\/05\/IMG_5836_copyfreigestellt2-986x1024.jpg\" alt=\"\" class=\"wp-image-1549\" srcset=\"https:\/\/wt-gp.de\/wp-content\/uploads\/2024\/05\/IMG_5836_copyfreigestellt2-986x1024.jpg 986w, https:\/\/wt-gp.de\/wp-content\/uploads\/2024\/05\/IMG_5836_copyfreigestellt2-289x300.jpg 289w, https:\/\/wt-gp.de\/wp-content\/uploads\/2024\/05\/IMG_5836_copyfreigestellt2-768x797.jpg 768w, https:\/\/wt-gp.de\/wp-content\/uploads\/2024\/05\/IMG_5836_copyfreigestellt2-1479x1536.jpg 1479w, https:\/\/wt-gp.de\/wp-content\/uploads\/2024\/05\/IMG_5836_copyfreigestellt2-1972x2048.jpg 1972w\" sizes=\"auto, (max-width: 767px) 89vw, (max-width: 1000px) 54vw, (max-width: 1071px) 543px, 580px\" \/><\/figure>\n<\/div><\/div>\n\n\n\n<div class=\"wp-block-uagb-slider-child uagb-slider-child-wrap swiper-slide uagb-block-9f43b6e0\"><div class=\"swiper-content\">\n<figure class=\"wp-block-image size-full\"><img loading=\"lazy\" decoding=\"async\" width=\"405\" height=\"472\" src=\"https:\/\/wt-gp.de\/wp-content\/uploads\/2024\/05\/MG_2498_alpha_webnochkleinercut.png\" alt=\"\" class=\"wp-image-1555\" srcset=\"https:\/\/wt-gp.de\/wp-content\/uploads\/2024\/05\/MG_2498_alpha_webnochkleinercut.png 405w, https:\/\/wt-gp.de\/wp-content\/uploads\/2024\/05\/MG_2498_alpha_webnochkleinercut-257x300.png 257w\" sizes=\"auto, (max-width: 405px) 100vw, 405px\" \/><\/figure>\n<\/div><\/div>\n<\/div><\/div><div class=\"swiper-pagination\"><\/div><\/div>\n\n\n\n<p class=\"has-text-align-center\"><a href=\"https:\/\/wt-gp.de\/?page_id=21\">Was ist WingTsun?<\/a><br><a href=\"https:\/\/wt-gp.de\/?page_id=243\">WT f\u00fcr M\u00e4nner<\/a><br><a href=\"https:\/\/wt-gp.de\/?page_id=248\">WT f\u00fcr Frauen<\/a><br><a href=\"https:\/\/wt-gp.de\/?page_id=159\">WT f\u00fcr Kinder und Jugendliche<\/a><\/p>\n\n\n\n<p class=\"has-text-align-center has-background\" style=\"background-color:#ffdb00;line-height:1.4\"><a href=\"https:\/\/wt-gp.de\/?page_id=22\"><strong>Probetraining vereinbaren<\/strong><\/a><\/p>\n\n\n\n<p style=\"font-size:12px\">Wir sind zertifizierte Mitgliedschule der <a rel=\"noreferrer noopener\" href=\"https:\/\/www.ewto.com\/\" data-type=\"link\" data-id=\"https:\/\/www.ewto.com\/\" target=\"_blank\"><strong>EWTO<\/strong><\/a>, der Europ\u00e4ischen WingTsun-Organisation. Allein im deutschsprachigen Raum geh\u00f6ren der EWTO ca. 1000 Schulen an. <\/p>\n<\/div>\n\n\n\n<div style=\"height:32px\" aria-hidden=\"true\" class=\"wp-block-spacer\"><\/div>\n","protected":false},"excerpt":{"rendered":"<p>ist effektive Selbstverteidigung,in jedem Alter erlernbar ab 6 Jahren,verbessert Fitness und K\u00f6rpergef\u00fchl,gibt Sicherheit. Trainieren in angenehmer Atmosph\u00e4re Was ist WingTsun?WT f\u00fcr M\u00e4nnerWT f\u00fcr FrauenWT f\u00fcr Kinder und Jugendliche Probetraining vereinbaren Wir sind zertifizierte Mitgliedschule der EWTO, der Europ\u00e4ischen WingTsun-Organisation. Allein im deutschsprachigen Raum geh\u00f6ren der EWTO ca. 1000 Schulen an.<\/p>\n","protected":false},"author":1,"featured_media":1113,"parent":0,"menu_order":0,"comment_status":"closed","ping_status":"closed","template":"","meta":{"_uag_custom_page_level_css":"","footnotes":""},"class_list":["post-20","page","type-page","status-publish","has-post-thumbnail","hentry"],"uagb_featured_image_src":{"full":["https:\/\/wt-gp.de\/wp-content\/uploads\/2023\/10\/cropped-Mann.jpeg",2000,1213,false],"thumbnail":["https:\/\/wt-gp.de\/wp-content\/uploads\/2023\/10\/cropped-Mann-150x150.jpeg",150,150,true],"medium":["https:\/\/wt-gp.de\/wp-content\/uploads\/2023\/10\/cropped-Mann-300x182.jpeg",300,182,true],"medium_large":["https:\/\/wt-gp.de\/wp-content\/uploads\/2023\/10\/cropped-Mann-768x466.jpeg",525,319,true],"large":["https:\/\/wt-gp.de\/wp-content\/uploads\/2023\/10\/cropped-Mann-1024x621.jpeg",525,318,true],"1536x1536":["https:\/\/wt-gp.de\/wp-content\/uploads\/2023\/10\/cropped-Mann-1536x932.jpeg",1536,932,true],"2048x2048":["https:\/\/wt-gp.de\/wp-content\/uploads\/2023\/10\/cropped-Mann.jpeg",2000,1213,false],"twentyseventeen-featured-image":["https:\/\/wt-gp.de\/wp-content\/uploads\/2023\/10\/cropped-Mann-2000x1200.jpeg",2000,1200,true],"twentyseventeen-thumbnail-avatar":["https:\/\/wt-gp.de\/wp-content\/uploads\/2023\/10\/cropped-Mann-100x100.jpeg",100,100,true]},"uagb_author_info":{"display_name":"admin","author_link":"https:\/\/wt-gp.de\/?author=1"},"uagb_comment_info":0,"uagb_excerpt":"ist effektive Selbstverteidigung,in jedem Alter erlernbar ab 6 Jahren,verbessert Fitness und K\u00f6rpergef\u00fchl,gibt Sicherheit. Trainieren in angenehmer Atmosph\u00e4re Was ist WingTsun?WT f\u00fcr M\u00e4nnerWT f\u00fcr FrauenWT f\u00fcr Kinder und Jugendliche Probetraining vereinbaren Wir sind zertifizierte Mitgliedschule der EWTO, der Europ\u00e4ischen WingTsun-Organisation. Allein im deutschsprachigen Raum geh\u00f6ren der EWTO ca. 1000 Schulen an.","_links":{"self":[{"href":"https:\/\/wt-gp.de\/index.php?rest_route=\/wp\/v2\/pages\/20","targetHints":{"allow":["GET"]}}],"collection":[{"href":"https:\/\/wt-gp.de\/index.php?rest_route=\/wp\/v2\/pages"}],"about":[{"href":"https:\/\/wt-gp.de\/index.php?rest_route=\/wp\/v2\/types\/page"}],"author":[{"embeddable":true,"href":"https:\/\/wt-gp.de\/index.php?rest_route=\/wp\/v2\/users\/1"}],"replies":[{"embeddable":true,"href":"https:\/\/wt-gp.de\/index.php?rest_route=%2Fwp%2Fv2%2Fcomments&post=20"}],"version-history":[{"count":358,"href":"https:\/\/wt-gp.de\/index.php?rest_route=\/wp\/v2\/pages\/20\/revisions"}],"predecessor-version":[{"id":1934,"href":"https:\/\/wt-gp.de\/index.php?rest_route=\/wp\/v2\/pages\/20\/revisions\/1934"}],"wp:featuredmedia":[{"embeddable":true,"href":"https:\/\/wt-gp.de\/index.php?rest_route=\/wp\/v2\/media\/1113"}],"wp:attachment":[{"href":"https:\/\/wt-gp.de\/index.php?rest_route=%2Fwp%2Fv2%2Fmedia&parent=20"}],"curies":[{"name":"wp","href":"https:\/\/api.w.org\/{rel}","templated":true}]}}