{"id":220,"date":"2023-10-15T00:44:17","date_gmt":"2023-10-15T00:44:17","guid":{"rendered":"https:\/\/wt-gp.de\/?page_id=220"},"modified":"2024-06-03T02:20:18","modified_gmt":"2024-06-03T02:20:18","slug":"links","status":"publish","type":"page","link":"https:\/\/wt-gp.de\/?page_id=220","title":{"rendered":"Links"},"content":{"rendered":"\n<div class=\"wp-block-group has-background\" style=\"background-color:#f1f1f1\"><div class=\"wp-block-group__inner-container is-layout-constrained wp-block-group-is-layout-constrained\">\n<p><strong>Die wichtigsten Links rund um das Thema WingTsun<\/strong><\/p>\n\n\n\n<p>Du findest unsere Schule auch auf <a href=\"https:\/\/www.facebook.com\/WingTsunGoeppingen\">Facebook<\/a><br><br><a href=\"http:\/\/www.ewto.com\/\">EWTO <\/a>und <a href=\"http:\/\/wingtsunwelt.com\/\">WingTsun-Welt<\/a><br>Europ\u00e4ische WingTsun-Organisation \u2013 unser Dachverband<br><br><a href=\"http:\/\/www.wt-dr.de\/\">Kampfkunst-Akademie David Risch<\/a><br>Dein Partner f\u00fcr WingTsun in Rechberghausen, Bad Boll und Uhingen<br><br><a href=\"http:\/\/www.flohkiste-gp.de\">KiTa Flohkiste<\/a> (G\u00f6ppingen)<br>Wir arbeiten zusammen mit der KiTa Flohkiste, der privaten psychomotorischen Bewegungskita in G\u00f6ppingen.<br><br><a href=\"http:\/\/www.blitzdefence.de\">Blitzdefence<\/a><br>WT + Psychologie + Strategie + Notwehrrecht = Blitzdefence<br><br><a href=\"http:\/\/deine-selbstverteidigung.de\/selbstverteidigung-frauen.html\">Blitzdefence f\u00fcr Frauen<\/a><br>Blitzdefence auf die Situation von Frauen zugeschnitten<br><br><a href=\"http:\/\/www.wushu-verlag.com\">Wu Suh-Verlag<\/a><br>B\u00fccher und Videos rumd um Wing Tsun und andere Kampfk\u00fcnste<br><br><a href=\"https:\/\/wingtsunwelt.com\/die-geschichte-des-wingtsun#shaolin\">Geschichte des WingTsun<\/a><br>Entstehung und Entwicklung der ca. 300 Jahre alten Kampfkunst<br><br><a href=\"http:\/\/www.leungting.com\/\">Gro\u00dfmeister Leung Ting<\/a><br>Gr\u00fcnder und Leiter der International WingTsun Association (IWTA)<br><br><a href=\"http:\/\/www.kampfsport-online.com\/\">Kampfsport-Online-Lexikon<\/a><br>Darstellungen zahlreicher Stile, umfangreiche Link-Sammlung<\/p>\n\n\n\n<p><a href=\"http:\/\/www.fitnesswelt.com\/\">Fitnesswelt.com<\/a><br>Seite rund um das Thema Fitness<\/p>\n<\/div><\/div>\n","protected":false},"excerpt":{"rendered":"<p>Die wichtigsten Links rund um das Thema WingTsun Du findest unsere Schule auch auf Facebook EWTO und WingTsun-WeltEurop\u00e4ische WingTsun-Organisation \u2013 unser Dachverband Kampfkunst-Akademie David RischDein Partner f\u00fcr WingTsun in Rechberghausen, Bad Boll und Uhingen KiTa Flohkiste (G\u00f6ppingen)Wir arbeiten zusammen mit der KiTa Flohkiste, der privaten psychomotorischen Bewegungskita in G\u00f6ppingen. BlitzdefenceWT + Psychologie + Strategie + &hellip; <\/p>\n<p class=\"link-more\"><a href=\"https:\/\/wt-gp.de\/?page_id=220\" class=\"more-link\"><span class=\"screen-reader-text\">\u201eLinks\u201c<\/span> weiterlesen<\/a><\/p>\n","protected":false},"author":1,"featured_media":0,"parent":0,"menu_order":0,"comment_status":"closed","ping_status":"closed","template":"","meta":{"_uag_custom_page_level_css":"","footnotes":""},"class_list":["post-220","page","type-page","status-publish","hentry"],"uagb_featured_image_src":{"full":false,"thumbnail":false,"medium":false,"medium_large":false,"large":false,"1536x1536":false,"2048x2048":false,"twentyseventeen-featured-image":false,"twentyseventeen-thumbnail-avatar":false},"uagb_author_info":{"display_name":"admin","author_link":"https:\/\/wt-gp.de\/?author=1"},"uagb_comment_info":0,"uagb_excerpt":"Die wichtigsten Links rund um das Thema WingTsun Du findest unsere Schule auch auf Facebook EWTO und WingTsun-WeltEurop\u00e4ische WingTsun-Organisation \u2013 unser Dachverband Kampfkunst-Akademie David RischDein Partner f\u00fcr WingTsun in Rechberghausen, Bad Boll und Uhingen KiTa Flohkiste (G\u00f6ppingen)Wir arbeiten zusammen mit der KiTa Flohkiste, der privaten psychomotorischen Bewegungskita in G\u00f6ppingen. BlitzdefenceWT + Psychologie + Strategie +&hellip;","_links":{"self":[{"href":"https:\/\/wt-gp.de\/index.php?rest_route=\/wp\/v2\/pages\/220","targetHints":{"allow":["GET"]}}],"collection":[{"href":"https:\/\/wt-gp.de\/index.php?rest_route=\/wp\/v2\/pages"}],"about":[{"href":"https:\/\/wt-gp.de\/index.php?rest_route=\/wp\/v2\/types\/page"}],"author":[{"embeddable":true,"href":"https:\/\/wt-gp.de\/index.php?rest_route=\/wp\/v2\/users\/1"}],"replies":[{"embeddable":true,"href":"https:\/\/wt-gp.de\/index.php?rest_route=%2Fwp%2Fv2%2Fcomments&post=220"}],"version-history":[{"count":8,"href":"https:\/\/wt-gp.de\/index.php?rest_route=\/wp\/v2\/pages\/220\/revisions"}],"predecessor-version":[{"id":1718,"href":"https:\/\/wt-gp.de\/index.php?rest_route=\/wp\/v2\/pages\/220\/revisions\/1718"}],"wp:attachment":[{"href":"https:\/\/wt-gp.de\/index.php?rest_route=%2Fwp%2Fv2%2Fmedia&parent=220"}],"curies":[{"name":"wp","href":"https:\/\/api.w.org\/{rel}","templated":true}]}}