{"id":225,"date":"2023-10-15T00:59:22","date_gmt":"2023-10-15T00:59:22","guid":{"rendered":"https:\/\/wt-gp.de\/?page_id=225"},"modified":"2025-11-25T15:08:21","modified_gmt":"2025-11-25T15:08:21","slug":"videos","status":"publish","type":"page","link":"https:\/\/wt-gp.de\/?page_id=225","title":{"rendered":"Videos"},"content":{"rendered":"\n<p>Die ersten vier Videos zeigen WingTsun in typischen Alltagssituationen. Die <a href=\"https:\/\/wt-gp.de\/?page_id=225\/#Kernspecht\">letzten beiden Videos<\/a> zeigen die &#8222;rein technische Seite&#8220; von WingTsun. <\/p>\n\n\n\n<p>Selbstverst\u00e4ndlich k\u00f6nnen Videos keinen Eindruck geben, wie ein WingTsun-Training aussieht. Deswegen landen wir Dich herzlich zu einem unverbindlichen <a href=\"https:\/\/wt-gp.de\/?page_id=22\" data-type=\"page\" data-id=\"22\">Probetraining <\/a>ein.<\/p>\n\n\n\n<p><br><strong>WingTsun in typischen Alltagssituationen<\/strong><br><br>Hier ist neben der Technik das richtige Verhalten von gr\u00f6\u00dfter Bedeutung, weshalb Situationstraining ein wichtiger Teil unseres Unterrichts ist.<\/p>\n\n\n\n<figure class=\"wp-block-embed is-type-rich is-provider-handler-einbetten wp-block-embed-handler-einbetten wp-embed-aspect-16-9 wp-has-aspect-ratio\"><div class=\"wp-block-embed__wrapper\">\n<iframe loading=\"lazy\" title=\"Selbstverteidigung f\u00fcr Frauen: Angriff auf der eigenen Couch\" width=\"525\" height=\"295\" src=\"https:\/\/www.youtube.com\/embed\/WHm50LXhLiM?feature=oembed\" frameborder=\"0\" allow=\"accelerometer; autoplay; clipboard-write; encrypted-media; gyroscope; picture-in-picture; web-share\" referrerpolicy=\"strict-origin-when-cross-origin\" allowfullscreen><\/iframe>\n<\/div><figcaption class=\"wp-element-caption\">Bedrohung in der eigenen Wohnung<\/figcaption><\/figure>\n\n\n\n<div style=\"height:14px\" aria-hidden=\"true\" class=\"wp-block-spacer\"><\/div>\n\n\n\n<figure class=\"wp-block-embed is-type-rich is-provider-handler-einbetten wp-block-embed-handler-einbetten wp-embed-aspect-16-9 wp-has-aspect-ratio\"><div class=\"wp-block-embed__wrapper\">\n<iframe loading=\"lazy\" title=\"Selbstverteidigungs-Trick gegen Anrempeln\" width=\"525\" height=\"295\" src=\"https:\/\/www.youtube.com\/embed\/02A0Nznvlkw?feature=oembed\" frameborder=\"0\" allow=\"accelerometer; autoplay; clipboard-write; encrypted-media; gyroscope; picture-in-picture; web-share\" referrerpolicy=\"strict-origin-when-cross-origin\" allowfullscreen><\/iframe>\n<\/div><figcaption class=\"wp-element-caption\">Anrempler auf der Stra\u00dfe<\/figcaption><\/figure>\n\n\n\n<div style=\"height:14px\" aria-hidden=\"true\" class=\"wp-block-spacer\"><\/div>\n\n\n\n<figure class=\"wp-block-embed is-type-rich is-provider-handler-einbetten wp-block-embed-handler-einbetten wp-embed-aspect-16-9 wp-has-aspect-ratio\"><div class=\"wp-block-embed__wrapper\">\n<iframe loading=\"lazy\" title=\"Selbstverteidigung gegen Schl\u00e4ger: Der Ritualkampf zwischen M\u00e4nnern\" width=\"525\" height=\"295\" src=\"https:\/\/www.youtube.com\/embed\/rqa0TwZR1_U?feature=oembed\" frameborder=\"0\" allow=\"accelerometer; autoplay; clipboard-write; encrypted-media; gyroscope; picture-in-picture; web-share\" referrerpolicy=\"strict-origin-when-cross-origin\" allowfullscreen><\/iframe>\n<\/div><figcaption class=\"wp-element-caption\">Zoff in der Kneipe<\/figcaption><\/figure>\n\n\n\n<div style=\"height:14px\" aria-hidden=\"true\" class=\"wp-block-spacer\"><\/div>\n\n\n\n<figure class=\"wp-block-embed is-type-rich is-provider-handler-einbetten wp-block-embed-handler-einbetten wp-embed-aspect-16-9 wp-has-aspect-ratio\"><div class=\"wp-block-embed__wrapper\">\n<iframe loading=\"lazy\" title=\"Abwehr eines Messerangriffs\" width=\"525\" height=\"295\" src=\"https:\/\/www.youtube.com\/embed\/Db6d1LMKlX4?feature=oembed\" frameborder=\"0\" allow=\"accelerometer; autoplay; clipboard-write; encrypted-media; gyroscope; picture-in-picture; web-share\" referrerpolicy=\"strict-origin-when-cross-origin\" allowfullscreen><\/iframe>\n<\/div><figcaption class=\"wp-element-caption\">Messerangriffe, die leider in letzter Zeit zunehmen<\/figcaption><\/figure>\n\n\n\n<div style=\"height:33px\" aria-hidden=\"true\" id=\"Kernspecht\" class=\"wp-block-spacer\"><\/div>\n\n\n\n<p><strong>Die &#8222;rein technische Seite&#8220; von WingTsun vorgef\u00fchrt auf Gro\u00dfmeister-Niveau<\/strong><br><br>Man beachte das flie\u00dfende, m\u00fchelose Bewegen und Ausweichen <em>auf engstem Raum<\/em>. In den meisten Situationen im Alltag hat man keinen Platz f\u00fcr gro\u00dfe Ausweichbewegungen. Auch typisch f\u00fcr das WingTsun sind die, wo es n\u00f6tig ist, blitzschnellen und kaum abwehrbaren Konter zu empfindlichen K\u00f6rperstellen (insbesondere Hals und Kopf), die eine Auseinandersetzung im Ernstfall sofort beenden w\u00fcrden (und <em>im Wettkampfsport<\/em> so meist verboten sind, aus gutem Grund).<\/p>\n\n\n\n<figure class=\"wp-block-embed is-type-video is-provider-youtube wp-block-embed-youtube wp-embed-aspect-16-9 wp-has-aspect-ratio\"><div class=\"wp-block-embed__wrapper\">\n<iframe loading=\"lazy\" title=\"GM Kernspecht vs. pushing and various attacks\" width=\"525\" height=\"295\" src=\"https:\/\/www.youtube.com\/embed\/nlDFdFWJc3M?feature=oembed\" frameborder=\"0\" allow=\"accelerometer; autoplay; clipboard-write; encrypted-media; gyroscope; picture-in-picture; web-share\" referrerpolicy=\"strict-origin-when-cross-origin\" allowfullscreen><\/iframe>\n<\/div><figcaption class=\"wp-element-caption\">Umgang mit schubsenden und sto\u00dfenden Angriffen<\/figcaption><\/figure>\n\n\n\n<div style=\"height:14px\" aria-hidden=\"true\" class=\"wp-block-spacer\"><\/div>\n\n\n\n<figure class=\"wp-block-embed is-type-video is-provider-youtube wp-block-embed-youtube wp-embed-aspect-16-9 wp-has-aspect-ratio\"><div class=\"wp-block-embed__wrapper\">\n<iframe loading=\"lazy\" title=\"Prinzip statt Technik\" width=\"525\" height=\"295\" src=\"https:\/\/www.youtube.com\/embed\/rCX60zGury4?feature=oembed\" frameborder=\"0\" allow=\"accelerometer; autoplay; clipboard-write; encrypted-media; gyroscope; picture-in-picture; web-share\" referrerpolicy=\"strict-origin-when-cross-origin\" allowfullscreen><\/iframe>\n<\/div><figcaption class=\"wp-element-caption\">Gro\u00dfmeister Keith R. Kernspecht in Aktion<\/figcaption><\/figure>\n","protected":false},"excerpt":{"rendered":"<p>Die ersten vier Videos zeigen WingTsun in typischen Alltagssituationen. Die letzten beiden Videos zeigen die &#8222;rein technische Seite&#8220; von WingTsun. Selbstverst\u00e4ndlich k\u00f6nnen Videos keinen Eindruck geben, wie ein WingTsun-Training aussieht. Deswegen landen wir Dich herzlich zu einem unverbindlichen Probetraining ein. WingTsun in typischen Alltagssituationen Hier ist neben der Technik das richtige Verhalten von gr\u00f6\u00dfter Bedeutung, &hellip; <\/p>\n<p class=\"link-more\"><a href=\"https:\/\/wt-gp.de\/?page_id=225\" class=\"more-link\"><span class=\"screen-reader-text\">\u201eVideos\u201c<\/span> weiterlesen<\/a><\/p>\n","protected":false},"author":1,"featured_media":0,"parent":0,"menu_order":0,"comment_status":"closed","ping_status":"closed","template":"","meta":{"_uag_custom_page_level_css":"","footnotes":""},"class_list":["post-225","page","type-page","status-publish","hentry"],"uagb_featured_image_src":{"full":false,"thumbnail":false,"medium":false,"medium_large":false,"large":false,"1536x1536":false,"2048x2048":false,"twentyseventeen-featured-image":false,"twentyseventeen-thumbnail-avatar":false},"uagb_author_info":{"display_name":"admin","author_link":"https:\/\/wt-gp.de\/?author=1"},"uagb_comment_info":0,"uagb_excerpt":"Die ersten vier Videos zeigen WingTsun in typischen Alltagssituationen. Die letzten beiden Videos zeigen die &#8222;rein technische Seite&#8220; von WingTsun. Selbstverst\u00e4ndlich k\u00f6nnen Videos keinen Eindruck geben, wie ein WingTsun-Training aussieht. Deswegen landen wir Dich herzlich zu einem unverbindlichen Probetraining ein. WingTsun in typischen Alltagssituationen Hier ist neben der Technik das richtige Verhalten von gr\u00f6\u00dfter Bedeutung,&hellip;","_links":{"self":[{"href":"https:\/\/wt-gp.de\/index.php?rest_route=\/wp\/v2\/pages\/225","targetHints":{"allow":["GET"]}}],"collection":[{"href":"https:\/\/wt-gp.de\/index.php?rest_route=\/wp\/v2\/pages"}],"about":[{"href":"https:\/\/wt-gp.de\/index.php?rest_route=\/wp\/v2\/types\/page"}],"author":[{"embeddable":true,"href":"https:\/\/wt-gp.de\/index.php?rest_route=\/wp\/v2\/users\/1"}],"replies":[{"embeddable":true,"href":"https:\/\/wt-gp.de\/index.php?rest_route=%2Fwp%2Fv2%2Fcomments&post=225"}],"version-history":[{"count":38,"href":"https:\/\/wt-gp.de\/index.php?rest_route=\/wp\/v2\/pages\/225\/revisions"}],"predecessor-version":[{"id":1916,"href":"https:\/\/wt-gp.de\/index.php?rest_route=\/wp\/v2\/pages\/225\/revisions\/1916"}],"wp:attachment":[{"href":"https:\/\/wt-gp.de\/index.php?rest_route=%2Fwp%2Fv2%2Fmedia&parent=225"}],"curies":[{"name":"wp","href":"https:\/\/api.w.org\/{rel}","templated":true}]}}