{"id":243,"date":"2023-10-15T01:25:46","date_gmt":"2023-10-15T01:25:46","guid":{"rendered":"https:\/\/wt-gp.de\/?page_id=243"},"modified":"2024-05-12T20:45:15","modified_gmt":"2024-05-12T20:45:15","slug":"blitzdefence","status":"publish","type":"page","link":"https:\/\/wt-gp.de\/?page_id=243","title":{"rendered":"WT f\u00fcr M\u00e4nner"},"content":{"rendered":"\n<div class=\"wp-block-group has-background\" style=\"background-color:#f1f1f1\"><div class=\"wp-block-group__inner-container is-layout-constrained wp-block-group-is-layout-constrained\">\n<p><strong>Techniken alleine reichen nicht<\/strong><\/p>\n\n\n\n<p>In der Praxis (d. h. \u201cauf der Stra\u00dfe\u201d) wird es nicht ausreichen, blo\u00df die richtigen Selbstverteidigungstechniken zu beherrschen. Eine gute Selbstverteidigung braucht mehr.<\/p>\n\n\n\n<p>Bei einem Konflikt ist es wichtig, <strong>psychologisch <\/strong>richtig zu reagieren &#8211; und ihn evt. <strong>ohne Gewalt zu l\u00f6sen<\/strong>. In einer gro\u00dfen Zahl von F\u00e4llen ist das m\u00f6glich. Wir geben Ihnen daf\u00fcr Strategien.<\/p>\n\n\n\n<figure class=\"wp-block-image size-full\"><img loading=\"lazy\" decoding=\"async\" width=\"424\" height=\"600\" src=\"https:\/\/wt-gp.de\/wp-content\/uploads\/2023\/10\/blitzdefence-3.jpg\" alt=\"\" class=\"wp-image-523\" srcset=\"https:\/\/wt-gp.de\/wp-content\/uploads\/2023\/10\/blitzdefence-3.jpg 424w, https:\/\/wt-gp.de\/wp-content\/uploads\/2023\/10\/blitzdefence-3-212x300.jpg 212w\" sizes=\"auto, (max-width: 424px) 100vw, 424px\" \/><\/figure>\n\n\n\n<p>In einer \u201cbrenzligen Situation\u201d kann man nicht wissen, ob man sich tats\u00e4chlich \u2013 vielleicht schon im n\u00e4chsten Augenblick \u2013 k\u00f6rperlich zur Wehr setzen muss. Ein Gegen\u00fcber, das \u201cbellt\u201d, muss nicht bei\u00dfen. <\/p>\n\n\n\n<p>Freilich kann man weder auf Verdacht zuschlagen, noch darf man sich von einem Angriff \u201ckalt erwischen\u201d lassen. Es muss darum gehen, f\u00fcr den Fall, dass Deeskalationsversuche nicht fruchten, <strong>sich (unauff\u00e4llig) in eine strategisch g\u00fcnstige Position zu bringen<\/strong>. So kann mit WingTsun eine k\u00f6rperliche Auseinandersetzung oft entschieden sein, bevor sie beginnt. Zu Ihren Gunsten.<\/p>\n\n\n\n<p>Eine reale Bedrohungssituation ist naturgem\u00e4\u00df mit <strong>gro\u00dfem Stress<\/strong> verbunden. H\u00e4ufig wird man (gezielt vom Angreifer oder von der Situation) psychisch \u201cfertig gemacht\u201d, noch bevor der k\u00f6rperliche Angriff erfolgt. Der Angriff kann dann nur noch schwer abgewehrt werden. <\/p>\n\n\n\n<p>Beim WingTsun-Training \u00fcben Sie, sich in diesen Situationen zu behaupten. Sie \u00fcben unter den kontrollierten Bedingungen des Trainings, mit Ihrem Stress und Ihrer Angst umzugehen.<\/p>\n\n\n\n<figure class=\"wp-block-image size-full\"><img loading=\"lazy\" decoding=\"async\" width=\"424\" height=\"600\" src=\"https:\/\/wt-gp.de\/wp-content\/uploads\/2023\/10\/blitzdefence-2.jpg\" alt=\"\" class=\"wp-image-525\" srcset=\"https:\/\/wt-gp.de\/wp-content\/uploads\/2023\/10\/blitzdefence-2.jpg 424w, https:\/\/wt-gp.de\/wp-content\/uploads\/2023\/10\/blitzdefence-2-212x300.jpg 212w\" sizes=\"auto, (max-width: 424px) 100vw, 424px\" \/><\/figure>\n\n\n\n<p>Jede gute Selbstverteidigung muss sich immer auch am <strong>Notwehrrecht <\/strong>orientieren. Sie wollen nicht auf der Stra\u00dfe gewinnen und vor Gericht verlieren. WingTsun hat auch das stets im Blick. Beispielsweise werden Sie zuerst versuchen, den Konflikt ohne Gewalt zu l\u00f6sen. (Dabei achten Sie aber immer auf Ihre Sicherheit!) Aggressive Verteidigung ist immer nur das letzte Mittel, mit dem Sie sich sch\u00fctzen.<\/p>\n\n\n\n<p class=\"has-text-align-center has-background\" style=\"background-color:#ffdb00;line-height:1.4\"><a href=\"https:\/\/wt-gp.de\/?page_id=22\"><strong>Probetraining vereinbaren<\/strong><\/a><\/p>\n\n\n\n<p>Siehe auch: <a href=\"https:\/\/wt-gp.de\/?page_id=21\" data-type=\"page\" data-id=\"21\">WingTsun<\/a> und <a href=\"https:\/\/wt-gp.de\/?page_id=248\" data-type=\"page\" data-id=\"248\">WT f\u00fcr Frauen<\/a><\/p>\n<\/div><\/div>\n","protected":false},"excerpt":{"rendered":"<p>Techniken alleine reichen nicht In der Praxis (d. h. \u201cauf der Stra\u00dfe\u201d) wird es nicht ausreichen, blo\u00df die richtigen Selbstverteidigungstechniken zu beherrschen. Eine gute Selbstverteidigung braucht mehr. Bei einem Konflikt ist es wichtig, psychologisch richtig zu reagieren &#8211; und ihn evt. ohne Gewalt zu l\u00f6sen. In einer gro\u00dfen Zahl von F\u00e4llen ist das m\u00f6glich. Wir &hellip; <\/p>\n<p class=\"link-more\"><a href=\"https:\/\/wt-gp.de\/?page_id=243\" class=\"more-link\"><span class=\"screen-reader-text\">\u201eWT f\u00fcr M\u00e4nner\u201c<\/span> weiterlesen<\/a><\/p>\n","protected":false},"author":1,"featured_media":0,"parent":0,"menu_order":0,"comment_status":"closed","ping_status":"closed","template":"","meta":{"_uag_custom_page_level_css":"","footnotes":""},"class_list":["post-243","page","type-page","status-publish","hentry"],"uagb_featured_image_src":{"full":false,"thumbnail":false,"medium":false,"medium_large":false,"large":false,"1536x1536":false,"2048x2048":false,"twentyseventeen-featured-image":false,"twentyseventeen-thumbnail-avatar":false},"uagb_author_info":{"display_name":"admin","author_link":"https:\/\/wt-gp.de\/?author=1"},"uagb_comment_info":0,"uagb_excerpt":"Techniken alleine reichen nicht In der Praxis (d. h. \u201cauf der Stra\u00dfe\u201d) wird es nicht ausreichen, blo\u00df die richtigen Selbstverteidigungstechniken zu beherrschen. Eine gute Selbstverteidigung braucht mehr. Bei einem Konflikt ist es wichtig, psychologisch richtig zu reagieren &#8211; und ihn evt. ohne Gewalt zu l\u00f6sen. In einer gro\u00dfen Zahl von F\u00e4llen ist das m\u00f6glich. Wir&hellip;","_links":{"self":[{"href":"https:\/\/wt-gp.de\/index.php?rest_route=\/wp\/v2\/pages\/243","targetHints":{"allow":["GET"]}}],"collection":[{"href":"https:\/\/wt-gp.de\/index.php?rest_route=\/wp\/v2\/pages"}],"about":[{"href":"https:\/\/wt-gp.de\/index.php?rest_route=\/wp\/v2\/types\/page"}],"author":[{"embeddable":true,"href":"https:\/\/wt-gp.de\/index.php?rest_route=\/wp\/v2\/users\/1"}],"replies":[{"embeddable":true,"href":"https:\/\/wt-gp.de\/index.php?rest_route=%2Fwp%2Fv2%2Fcomments&post=243"}],"version-history":[{"count":29,"href":"https:\/\/wt-gp.de\/index.php?rest_route=\/wp\/v2\/pages\/243\/revisions"}],"predecessor-version":[{"id":1564,"href":"https:\/\/wt-gp.de\/index.php?rest_route=\/wp\/v2\/pages\/243\/revisions\/1564"}],"wp:attachment":[{"href":"https:\/\/wt-gp.de\/index.php?rest_route=%2Fwp%2Fv2%2Fmedia&parent=243"}],"curies":[{"name":"wp","href":"https:\/\/api.w.org\/{rel}","templated":true}]}}