{"id":248,"date":"2023-10-15T01:35:04","date_gmt":"2023-10-15T01:35:04","guid":{"rendered":"https:\/\/wt-gp.de\/?page_id=248"},"modified":"2024-06-06T00:04:32","modified_gmt":"2024-06-06T00:04:32","slug":"blitzdefence-fuer-frauen","status":"publish","type":"page","link":"https:\/\/wt-gp.de\/?page_id=248","title":{"rendered":"WT f\u00fcr Frauen"},"content":{"rendered":"\n<div class=\"wp-block-group has-background\" style=\"background-color:#f1f1f1\"><div class=\"wp-block-group__inner-container is-layout-constrained wp-block-group-is-layout-constrained\">\n<p>Die Gewalt gegen Frauen sieht anders aus als die gegen M\u00e4nner. So werden M\u00e4nner meist von Unbekannten angegriffen, Frauen zu <strong>75% von jemandem aus dem Bekanntenkreis<\/strong>. (Eine Frauenselbstverteidigung, die nur auf fremde Gewaltt\u00e4ter ausgerichtet ist, passt in drei von vier F\u00e4llen nicht!) <\/p>\n\n\n\n<p>Zwar sind die Techniken immer die gleichen, M\u00e4nner und Frauen m\u00fcssen aber <strong>unterschiedliche Situationen <\/strong>\u00fcben und <strong>unterschiedliche Verhaltensweisen<\/strong> trainieren. W\u00e4hrend M\u00e4nner etwa eher beschwichtigend auftreten m\u00fcssen, ist bei Frauen ein <strong>selbstsicheres<\/strong>, offensives oder ein, wenn es die Situation verlangt, sogar aggressives <strong>Auftreten <\/strong>geeigneter, eine eventuelle Eskalation zu verhindern. <\/p>\n\n\n\n<figure class=\"wp-block-image size-large\"><img loading=\"lazy\" decoding=\"async\" width=\"1024\" height=\"806\" src=\"https:\/\/wt-gp.de\/wp-content\/uploads\/2023\/10\/technik1-1024x806.jpg\" alt=\"\" class=\"wp-image-520\" srcset=\"https:\/\/wt-gp.de\/wp-content\/uploads\/2023\/10\/technik1-1024x806.jpg 1024w, https:\/\/wt-gp.de\/wp-content\/uploads\/2023\/10\/technik1-300x236.jpg 300w, https:\/\/wt-gp.de\/wp-content\/uploads\/2023\/10\/technik1-768x604.jpg 768w, https:\/\/wt-gp.de\/wp-content\/uploads\/2023\/10\/technik1.jpg 1323w\" sizes=\"auto, (max-width: 767px) 89vw, (max-width: 1000px) 54vw, (max-width: 1071px) 543px, 580px\" \/><\/figure>\n\n\n\n<p>Es ist eines der gef\u00e4hrlichsten Vorurteile, dass sich eine Frau nicht wehren sollte, wenn sie sich einem Vergewaltiger gegen\u00fcber sieht. Es stimmt nicht, dass sie den Angreifer dann erst richtig w\u00fctend macht. Er ist sowieso schon zu allem bereit. <strong>Die Erfahrung zeigt, dass 80% der Vergewaltiger aufgeben, wenn sich die Frau wehrt!<\/strong> Wie bereits festgestellt: T\u00e4ter suchen Opfer, keine Gegner. <\/p>\n\n\n\n<p>Die WingTsun-Strategie f\u00fcr Frauen besteht aus drei Phasen:<\/p>\n\n\n\n<figure class=\"wp-block-image size-large\"><img loading=\"lazy\" decoding=\"async\" width=\"1024\" height=\"697\" src=\"https:\/\/wt-gp.de\/wp-content\/uploads\/2023\/10\/boden2-beschnitten-1024x697.jpg\" alt=\"\" class=\"wp-image-518\" srcset=\"https:\/\/wt-gp.de\/wp-content\/uploads\/2023\/10\/boden2-beschnitten-1024x697.jpg 1024w, https:\/\/wt-gp.de\/wp-content\/uploads\/2023\/10\/boden2-beschnitten-300x204.jpg 300w, https:\/\/wt-gp.de\/wp-content\/uploads\/2023\/10\/boden2-beschnitten-768x523.jpg 768w, https:\/\/wt-gp.de\/wp-content\/uploads\/2023\/10\/boden2-beschnitten-1536x1045.jpg 1536w, https:\/\/wt-gp.de\/wp-content\/uploads\/2023\/10\/boden2-beschnitten.jpg 1669w\" sizes=\"auto, (max-width: 767px) 89vw, (max-width: 1000px) 54vw, (max-width: 1071px) 543px, 580px\" \/><\/figure>\n\n\n\n<p><strong>Grenzen ziehen: <\/strong>Die eigenen Grenzen so ziehen, dass die meisten M\u00e4nner es gar nicht erst wagen werden, sie zu \u00fcberschreiten.<\/p>\n\n\n\n<p><strong>Grenzen bewachen:<\/strong> Mittels verbaler und nonverbaler Kommunikation das Gegen\u00fcber in seine Schranken verweisen. (Die meisten gef\u00e4hrlichen Situationen lassen sich, wie gesagt, ohne k\u00f6rperliche Auseinandersetzung regeln.)<\/p>\n\n\n\n<p><strong>Grenzen verteidigen:<\/strong> Wenn dies notwendig wird: den Angreifer mit effektiven WingTsun-Techniken besiegen.<\/p>\n\n\n\n<p class=\"has-text-align-center has-background\" style=\"background-color:#ffdb00;line-height:1.4\"><a href=\"https:\/\/wt-gp.de\/?page_id=22\"><strong>Probetraining vereinbaren<\/strong><\/a><\/p>\n\n\n\n<p>Video zum Thema <a href=\"https:\/\/wt-gp.de\/?page_id=225\" data-type=\"page\" data-id=\"225\">Selbstverteidigung f\u00fcr Frauen<\/a> (erstes Video)<\/p>\n\n\n\n<p class=\"has-background\" style=\"background-color:#ffe8514a;font-size:14px\"><em>WingTsun f\u00fcr Frauen ist fester Bestandteil des regul\u00e4ren WingTsun-Unterrichts. Wir haben gemischte Gruppen, weil es aus unserer Erfahrung einfach sinnvoller ist, mit M\u00e4nnern zu trainieren, wenn man sich (auch) gegen M\u00e4nner verteidigen k\u00f6nnen m\u00f6chte. Selbstverst\u00e4ndlich k\u00f6nnen Sie sich im Training frei aussuchen, mit wem Sie \u00fcben.<\/em><\/p>\n\n\n\n<p>Siehe auch: <a href=\"https:\/\/wt-gp.de\/?page_id=21\" data-type=\"page\" data-id=\"21\">WingTsun<\/a> und <a href=\"https:\/\/wt-gp.de\/?page_id=243\">WT f\u00fcr M\u00e4nner<\/a><\/p>\n<\/div><\/div>\n","protected":false},"excerpt":{"rendered":"<p>Die Gewalt gegen Frauen sieht anders aus als die gegen M\u00e4nner. So werden M\u00e4nner meist von Unbekannten angegriffen, Frauen zu 75% von jemandem aus dem Bekanntenkreis. (Eine Frauenselbstverteidigung, die nur auf fremde Gewaltt\u00e4ter ausgerichtet ist, passt in drei von vier F\u00e4llen nicht!) Zwar sind die Techniken immer die gleichen, M\u00e4nner und Frauen m\u00fcssen aber unterschiedliche &hellip; <\/p>\n<p class=\"link-more\"><a href=\"https:\/\/wt-gp.de\/?page_id=248\" class=\"more-link\"><span class=\"screen-reader-text\">\u201eWT f\u00fcr Frauen\u201c<\/span> weiterlesen<\/a><\/p>\n","protected":false},"author":1,"featured_media":0,"parent":0,"menu_order":0,"comment_status":"closed","ping_status":"closed","template":"","meta":{"_uag_custom_page_level_css":"","footnotes":""},"class_list":["post-248","page","type-page","status-publish","hentry"],"uagb_featured_image_src":{"full":false,"thumbnail":false,"medium":false,"medium_large":false,"large":false,"1536x1536":false,"2048x2048":false,"twentyseventeen-featured-image":false,"twentyseventeen-thumbnail-avatar":false},"uagb_author_info":{"display_name":"admin","author_link":"https:\/\/wt-gp.de\/?author=1"},"uagb_comment_info":0,"uagb_excerpt":"Die Gewalt gegen Frauen sieht anders aus als die gegen M\u00e4nner. So werden M\u00e4nner meist von Unbekannten angegriffen, Frauen zu 75% von jemandem aus dem Bekanntenkreis. (Eine Frauenselbstverteidigung, die nur auf fremde Gewaltt\u00e4ter ausgerichtet ist, passt in drei von vier F\u00e4llen nicht!) Zwar sind die Techniken immer die gleichen, M\u00e4nner und Frauen m\u00fcssen aber unterschiedliche&hellip;","_links":{"self":[{"href":"https:\/\/wt-gp.de\/index.php?rest_route=\/wp\/v2\/pages\/248","targetHints":{"allow":["GET"]}}],"collection":[{"href":"https:\/\/wt-gp.de\/index.php?rest_route=\/wp\/v2\/pages"}],"about":[{"href":"https:\/\/wt-gp.de\/index.php?rest_route=\/wp\/v2\/types\/page"}],"author":[{"embeddable":true,"href":"https:\/\/wt-gp.de\/index.php?rest_route=\/wp\/v2\/users\/1"}],"replies":[{"embeddable":true,"href":"https:\/\/wt-gp.de\/index.php?rest_route=%2Fwp%2Fv2%2Fcomments&post=248"}],"version-history":[{"count":37,"href":"https:\/\/wt-gp.de\/index.php?rest_route=\/wp\/v2\/pages\/248\/revisions"}],"predecessor-version":[{"id":1744,"href":"https:\/\/wt-gp.de\/index.php?rest_route=\/wp\/v2\/pages\/248\/revisions\/1744"}],"wp:attachment":[{"href":"https:\/\/wt-gp.de\/index.php?rest_route=%2Fwp%2Fv2%2Fmedia&parent=248"}],"curies":[{"name":"wp","href":"https:\/\/api.w.org\/{rel}","templated":true}]}}